{"id":6,"date":"2024-05-20T11:53:06","date_gmt":"2024-05-20T09:53:06","guid":{"rendered":"http:\/\/cedricelectricite.com\/?page_id=6"},"modified":"2025-12-28T15:42:16","modified_gmt":"2025-12-28T14:42:16","slug":"electricien-viroflay-yvelines","status":"publish","type":"page","link":"https:\/\/cedricelectricite.com\/","title":{"rendered":"Accueil"},"content":{"rendered":"\n<div class=\"wp-block-group alignfull has-ast-global-color-5-background-color has-background\" style=\"padding-bottom:0px\"><div class=\"wp-block-group__inner-container is-layout-constrained wp-container-core-group-is-layout-9ff7351d wp-block-group-is-layout-constrained\">\n<div class=\"wp-block-columns are-vertically-aligned-top is-layout-flex wp-container-core-columns-is-layout-88c107d0 wp-block-columns-is-layout-flex\">\n<div class=\"wp-block-column is-vertically-aligned-top is-layout-flow wp-block-column-is-layout-flow\">\n<figure class=\"wp-block-image size-large\"><img decoding=\"async\" src=\"http:\/\/cedricelectricite.com\/wp-content\/themes\/astra\/inc\/assets\/images\/starter-content\/building.svg\" alt=\"\" class=\"wp-image-134\"\/><\/figure>\n\n\n\n<h3 class=\"wp-block-heading has-text-align-left\" style=\"margin-top:16px\">Artisan local<\/h3>\n\n\n\n<p class=\"has-text-align-left\">Bas\u00e9 sur la commune de Viroflay, nous intervenons sur un large secteur.<\/p>\n<\/div>\n\n\n\n<div class=\"wp-block-column is-vertically-aligned-top is-layout-flow wp-block-column-is-layout-flow\">\n<figure class=\"wp-block-image size-large\"><img decoding=\"async\" src=\"http:\/\/cedricelectricite.com\/wp-content\/themes\/astra\/inc\/assets\/images\/starter-content\/shopping-bag.svg\" alt=\"\" class=\"wp-image-135\"\/><\/figure>\n\n\n\n<h3 class=\"wp-block-heading has-text-align-left\" style=\"margin-top:16px\">Forfait d\u00e9pannage<\/h3>\n\n\n\n<p class=\"has-text-align-left\">D\u00e9placement + la premi\u00e8re heure de main d&rsquo;\u0153uvre \u00e0 129 \u20ac TTC.<\/p>\n<\/div>\n\n\n\n<div class=\"wp-block-column is-vertically-aligned-top is-layout-flow wp-block-column-is-layout-flow\">\n<figure class=\"wp-block-image size-large\"><img decoding=\"async\" src=\"http:\/\/cedricelectricite.com\/wp-content\/themes\/astra\/inc\/assets\/images\/starter-content\/blog.svg\" alt=\"\" class=\"wp-image-136\"\/><\/figure>\n\n\n\n<h3 class=\"wp-block-heading has-text-align-left\" style=\"margin-top:16px\">Devis gratuit<\/h3>\n\n\n\n<p class=\"has-text-align-left\">Nos devis sont enti\u00e8rement gratuit.<\/p>\n<\/div>\n\n\n\n<div class=\"wp-block-column is-vertically-aligned-top is-layout-flow wp-block-column-is-layout-flow\">\n<figure class=\"wp-block-image size-large\"><img decoding=\"async\" src=\"http:\/\/cedricelectricite.com\/wp-content\/themes\/astra\/inc\/assets\/images\/starter-content\/portfolio.svg\" alt=\"\" class=\"wp-image-137\"\/><\/figure>\n\n\n\n<h3 class=\"wp-block-heading has-text-align-left\" style=\"margin-top:16px\">Satisfaction client<\/h3>\n\n\n\n<p class=\"has-text-align-left\">La satisfaction de nos clients est notre priorit\u00e9.<\/p>\n<\/div>\n<\/div>\n<\/div><\/div>\n\n\n\n<div class=\"wp-block-group alignfull\" id=\"services\" style=\"padding-top:144px;padding-bottom:0px\"><div class=\"wp-block-group__inner-container is-layout-constrained wp-container-core-group-is-layout-87b4ec50 wp-block-group-is-layout-constrained\">\n<h2 class=\"wp-block-heading\">Nos services<\/h2>\n\n\n\n<div class=\"wp-block-columns is-layout-flex wp-container-core-columns-is-layout-f2dca054 wp-block-columns-is-layout-flex\" style=\"margin-top:50px\">\n<div class=\"wp-block-column is-layout-flow wp-block-column-is-layout-flow\">\n<div class=\"wp-block-uagb-image uagb-block-d7082b7c wp-block-uagb-image--layout-default wp-block-uagb-image--effect-static wp-block-uagb-image--align-none\"><figure class=\"wp-block-uagb-image__figure\"><img loading=\"lazy\" decoding=\"async\" srcset=\"https:\/\/cedricelectricite.com\/wp-content\/uploads\/2024\/05\/29881202-prix-renovation-electrique.jpeg ,https:\/\/cedricelectricite.com\/wp-content\/uploads\/2024\/05\/29881202-prix-renovation-electrique.jpeg 780w, https:\/\/cedricelectricite.com\/wp-content\/uploads\/2024\/05\/29881202-prix-renovation-electrique.jpeg 360w\" sizes=\"auto, (max-width: 480px) 150px\" src=\"https:\/\/cedricelectricite.com\/wp-content\/uploads\/2024\/05\/29881202-prix-renovation-electrique.jpeg\" alt=\"\" class=\"uag-image-33\" width=\"274\" height=\"183\" title=\"29881202-prix-renovation-electrique\" loading=\"lazy\" role=\"img\"\/><\/figure><\/div>\n\n\n\n<h3 class=\"wp-block-heading\" style=\"margin-top:16px\"><a href=\"https:\/\/cedricelectricite.com\/index.php\/renovation-mise-aux-normes-installation-electrique-viroflay\/\">R\u00e9novation et mise aux normes de votre installation existante et mise en conformit\u00e9 de vos \u00e9quipements \u00e9lectriques<\/a><\/h3>\n<\/div>\n\n\n\n<div class=\"wp-block-column is-layout-flow wp-block-column-is-layout-flow\">\n<figure class=\"wp-block-image size-full is-resized\"><img fetchpriority=\"high\" decoding=\"async\" width=\"275\" height=\"183\" src=\"https:\/\/cedricelectricite.com\/wp-content\/uploads\/2024\/05\/images.jpg\" alt=\"\" class=\"wp-image-32\" style=\"width:275px;height:auto\"\/><\/figure>\n\n\n\n<h3 class=\"wp-block-heading\" style=\"margin-top:16px\"><a href=\"https:\/\/cedricelectricite.com\/index.php\/depannage-electrique-panne-viroflay-80-euros\/\">D\u00e9pannage rapide et efficace en cas de panne ou de dysfonctionnement<\/a><\/h3>\n<\/div>\n\n\n\n<div class=\"wp-block-column is-layout-flow wp-block-column-is-layout-flow\">\n<figure class=\"wp-block-gallery has-nested-images columns-default is-cropped wp-block-gallery-1 is-layout-flex wp-block-gallery-is-layout-flex\"><div class=\"wp-block-image\">\n<figure class=\"aligncenter size-full\"><img decoding=\"async\" width=\"650\" height=\"325\" data-id=\"108\" src=\"https:\/\/cedricelectricite.com\/wp-content\/uploads\/2024\/10\/borne-recharge-pied-074155-1.jpg\" alt=\"borne de recharge pour v\u00e9hicule \u00e9lectrique\" class=\"wp-image-108\" srcset=\"https:\/\/cedricelectricite.com\/wp-content\/uploads\/2024\/10\/borne-recharge-pied-074155-1.jpg 650w, https:\/\/cedricelectricite.com\/wp-content\/uploads\/2024\/10\/borne-recharge-pied-074155-1-300x150.jpg 300w\" sizes=\"(max-width: 650px) 100vw, 650px\" \/><\/figure>\n<\/div><\/figure>\n\n\n\n<p><\/p>\n\n\n\n<h3 class=\"wp-block-heading\" style=\"margin-top:16px\"><a href=\"https:\/\/cedricelectricite.com\/index.php\/installation-de-borne-de-recharge-pour-vehicules-electriques-a-viroflay-et-dans-les-yvelines-et-hauts-de-seine\/\">Installation de Borne de Recharge pour V\u00e9hicules \u00c9lectriques<\/a><\/h3>\n<\/div>\n<\/div>\n<\/div><\/div>\n\n\n\n<div class=\"wp-block-group alignfull has-ast-global-color-4-background-color has-background\" id=\"reviews\"><div class=\"wp-block-group__inner-container is-layout-constrained wp-container-core-group-is-layout-be8a1dfc wp-block-group-is-layout-constrained\"><div class=\"wp-block-image\">\n<figure class=\"aligncenter size-full\"><img decoding=\"async\" src=\"http:\/\/cedricelectricite.com\/wp-content\/themes\/astra\/inc\/assets\/images\/starter-content\/avatar.png\" alt=\"\" class=\"wp-image-235\"\/><\/figure>\n<\/div>\n\n\n<p class=\"has-text-align-center\" style=\"font-size:22px;line-height:1.6\"><em>\u00ab\u00a0Un service impeccable ! C\u00e9dric Electricit\u00e9 a r\u00e9nov\u00e9 toute l&rsquo;installation \u00e9lectrique de notre maison \u00e0 Viroflay. Le travail a \u00e9t\u00e9 fait rapidement et proprement. Nous recommandons vivement !\u00a0\u00bb<\/em><\/p>\n\n\n\n<p class=\"has-text-align-center\"><strong>Client Satisfait<\/strong><\/p>\n<\/div><\/div>\n\n\n\n<div class=\"wp-block-group alignfull\" id=\"whyus\" style=\"padding-top:144px;padding-bottom:144px\"><div class=\"wp-block-group__inner-container is-layout-constrained wp-container-core-group-is-layout-360cd3be wp-block-group-is-layout-constrained\">\n<h2 class=\"wp-block-heading\">Pourquoi Choisir C\u00e9dric Electricit\u00e9 ?<\/h2>\n\n\n\n<div class=\"wp-block-columns is-layout-flex wp-container-core-columns-is-layout-327a385a wp-block-columns-is-layout-flex\" style=\"margin-top:60px\">\n<div class=\"wp-block-column is-layout-flow wp-block-column-is-layout-flow\">\n<figure class=\"wp-block-image size-large\"><img decoding=\"async\" src=\"http:\/\/cedricelectricite.com\/wp-content\/themes\/astra\/inc\/assets\/images\/starter-content\/passionate.svg\" alt=\"\" class=\"wp-image-162\"\/><\/figure>\n\n\n\n<h3 class=\"wp-block-heading\" style=\"margin-top:16px\">Service Personnalis\u00e9 et passionn\u00e9<\/h3>\n\n\n\n<p>Nous comprenons que chaque projet est unique. Nous prenons le temps de vous \u00e9couter et de comprendre vos besoins sp\u00e9cifiques. Nos solutions sont sur mesure, adapt\u00e9es \u00e0 vos attentes et \u00e0 votre budget.<\/p>\n<\/div>\n\n\n\n<div class=\"wp-block-column is-layout-flow wp-block-column-is-layout-flow\">\n<figure class=\"wp-block-image size-large\"><img decoding=\"async\" src=\"http:\/\/cedricelectricite.com\/wp-content\/themes\/astra\/inc\/assets\/images\/starter-content\/professional.svg\" alt=\"\" class=\"wp-image-163\"\/><\/figure>\n\n\n\n<h3 class=\"wp-block-heading\" style=\"margin-top:16px\">Expertise et Professionnalisme<\/h3>\n\n\n\n<p>Chaque intervention est r\u00e9alis\u00e9e par un \u00e9lectricien qualifi\u00e9 et exp\u00e9riment\u00e9. Nous respectons les normes de s\u00e9curit\u00e9 les plus strictes et garantissons un travail soign\u00e9. Votre s\u00e9curit\u00e9 est notre priorit\u00e9.<\/p>\n<\/div>\n\n\n\n<div class=\"wp-block-column is-layout-flow wp-block-column-is-layout-flow\">\n<figure class=\"wp-block-image size-large\"><img decoding=\"async\" src=\"http:\/\/cedricelectricite.com\/wp-content\/themes\/astra\/inc\/assets\/images\/starter-content\/support.svg\" alt=\"\" class=\"wp-image-164\"\/><\/figure>\n\n\n\n<h3 class=\"wp-block-heading\" style=\"margin-top:16px\">Rapidit\u00e9 et Fiabilit\u00e9<\/h3>\n\n\n\n<p>Nous savons que les probl\u00e8mes \u00e9lectriques peuvent survenir \u00e0 tout moment. Nous nous engageons \u00e0 intervenir rapidement et \u00e0 r\u00e9soudre vos soucis efficacement. Avec C\u00e9dric Electricit\u00e9, vous pouvez compter sur une assistance rapide et un travail fiable.<\/p>\n<\/div>\n<\/div>\n<\/div><\/div>\n\n\n\n<div class=\"wp-block-media-text has-media-on-the-right is-stacked-on-mobile is-vertically-aligned-center\"><div class=\"wp-block-media-text__content\">\n<div class=\"wp-block-group\" style=\"padding-right:80px\"><div class=\"wp-block-group__inner-container is-layout-constrained wp-container-core-group-is-layout-4b302186 wp-block-group-is-layout-constrained\">\n<h2 class=\"wp-block-heading\" style=\"padding-right:40px\">Nos Prestations<\/h2>\n\n\n\n<p>Chez C\u00e9dric Electricit\u00e9, nous proposons une gamme compl\u00e8te de services \u00e9lectriques pour r\u00e9pondre \u00e0 tous vos besoins, qu&rsquo;il s&rsquo;agisse de nouvelles installations, de r\u00e9novations ou de d\u00e9pannages. Nos prestations incluent :<\/p>\n\n\n\n<p><strong>Installation et mise en conformit\u00e9 de vos \u00e9quipements \u00e9lectriques<\/strong><\/p>\n\n\n\n<p><strong>R\u00e9novation et mise aux normes de votre installation existante<\/strong><\/p>\n\n\n\n<p><strong>D\u00e9pannage rapide et efficace en cas de panne ou de dysfonctionnement<\/strong><\/p>\n<\/div><\/div>\n<\/div><figure class=\"wp-block-media-text__media\"><img decoding=\"async\" width=\"768\" height=\"513\" src=\"https:\/\/cedricelectricite.com\/wp-content\/uploads\/2024\/05\/2021-06-Installation-dun-tableau-electrique-scaled-1.webp\" alt=\"\" class=\"wp-image-34 size-full\" srcset=\"https:\/\/cedricelectricite.com\/wp-content\/uploads\/2024\/05\/2021-06-Installation-dun-tableau-electrique-scaled-1.webp 768w, https:\/\/cedricelectricite.com\/wp-content\/uploads\/2024\/05\/2021-06-Installation-dun-tableau-electrique-scaled-1-300x200.webp 300w\" sizes=\"(max-width: 768px) 100vw, 768px\" \/><\/figure><\/div>\n\n\n\n<div class=\"wp-block-columns is-layout-flex wp-container-core-columns-is-layout-9d6595d7 wp-block-columns-is-layout-flex\">\n<div class=\"wp-block-column is-layout-flow wp-block-column-is-layout-flow\" style=\"flex-basis:100%\">\n<div id=\"contact\" class=\"wp-block-uagb-container uagb-block-1f962d91 alignfull uagb-is-root-container\"><div class=\"uagb-container-inner-blocks-wrap\">\n<div class=\"wp-block-uagb-container uagb-block-783c7e44\">\n<div class=\"wpcf7 no-js\" id=\"wpcf7-f37-o1\" lang=\"fr-FR\" dir=\"ltr\" data-wpcf7-id=\"37\">\n<div class=\"screen-reader-response\"><p role=\"status\" aria-live=\"polite\" aria-atomic=\"true\"><\/p> <ul><\/ul><\/div>\n<form action=\"\/index.php\/wp-json\/wp\/v2\/pages\/6#wpcf7-f37-o1\" method=\"post\" class=\"wpcf7-form init\" aria-label=\"Formulaire de contact\" novalidate=\"novalidate\" data-status=\"init\">\n<fieldset class=\"hidden-fields-container\"><input type=\"hidden\" name=\"_wpcf7\" value=\"37\" \/><input type=\"hidden\" name=\"_wpcf7_version\" value=\"6.1.5\" \/><input type=\"hidden\" name=\"_wpcf7_locale\" value=\"fr_FR\" \/><input type=\"hidden\" name=\"_wpcf7_unit_tag\" value=\"wpcf7-f37-o1\" \/><input type=\"hidden\" name=\"_wpcf7_container_post\" value=\"0\" \/><input type=\"hidden\" name=\"_wpcf7_posted_data_hash\" value=\"\" \/><input type=\"hidden\" name=\"_wpcf7_recaptcha_response\" value=\"\" \/>\n<\/fieldset>\n<p><label> Votre nom :<br \/>\n<span class=\"wpcf7-form-control-wrap\" data-name=\"nom\"><input size=\"40\" maxlength=\"400\" class=\"wpcf7-form-control wpcf7-text wpcf7-validates-as-required\" id=\"nom\" autocomplete=\"nom\" aria-required=\"true\" aria-invalid=\"false\" placeholder=\"\" value=\"\" type=\"text\" name=\"nom\" \/><\/span> <\/label>\n<\/p>\n<p><label> Votre num\u00e9ro de t\u00e9l\u00e9phone :<br \/>\n<span class=\"wpcf7-form-control-wrap\" data-name=\"telephone\"><input size=\"40\" maxlength=\"400\" class=\"wpcf7-form-control wpcf7-tel wpcf7-validates-as-required wpcf7-text wpcf7-validates-as-tel\" id=\"telephone\" aria-required=\"true\" aria-invalid=\"false\" placeholder=\"\" value=\"\" type=\"tel\" name=\"telephone\" \/><\/span> <\/label>\n<\/p>\n<p><label> Votre e-mail :<br \/>\n<span class=\"wpcf7-form-control-wrap\" data-name=\"email\"><input size=\"40\" maxlength=\"400\" class=\"wpcf7-form-control wpcf7-email wpcf7-validates-as-required wpcf7-text wpcf7-validates-as-email email\" id=\"email\" autocomplete=\"email\" aria-required=\"true\" aria-invalid=\"false\" placeholder=\"\" value=\"\" type=\"email\" name=\"email\" \/><\/span> <\/label>\n<\/p>\n<p><label> Objet :<br \/>\n<span class=\"wpcf7-form-control-wrap\" data-name=\"objet\"><input size=\"40\" maxlength=\"400\" class=\"wpcf7-form-control wpcf7-text wpcf7-validates-as-required\" id=\"objet\" aria-required=\"true\" aria-invalid=\"false\" value=\"\" type=\"text\" name=\"objet\" \/><\/span> <\/label>\n<\/p>\n<p><label> Votre message (facultatif) :<br \/>\n<span class=\"wpcf7-form-control-wrap\" data-name=\"message\"><textarea cols=\"40\" rows=\"10\" maxlength=\"2000\" class=\"wpcf7-form-control wpcf7-textarea\" id=\"message\" aria-invalid=\"false\" name=\"message\"><\/textarea><\/span> <\/label>\n<\/p>\n<p><input class=\"wpcf7-form-control wpcf7-submit has-spinner\" type=\"submit\" value=\"Envoyer\" \/>\n<\/p><p style=\"display: none !important;\" class=\"akismet-fields-container\" data-prefix=\"_wpcf7_ak_\"><label>&#916;<textarea name=\"_wpcf7_ak_hp_textarea\" cols=\"45\" rows=\"8\" maxlength=\"100\"><\/textarea><\/label><input type=\"hidden\" id=\"ak_js_1\" name=\"_wpcf7_ak_js\" value=\"161\"\/><script>document.getElementById( \"ak_js_1\" ).setAttribute( \"value\", ( new Date() ).getTime() );<\/script><\/p><div class=\"wpcf7-response-output\" aria-hidden=\"true\"><\/div>\n<\/form>\n<\/div>\n\n<\/div>\n\n\n\n<div class=\"wp-block-uagb-container uagb-block-50c1d060\">\n<div class=\"wp-block-group\"><div class=\"wp-block-group__inner-container is-layout-constrained wp-block-group-is-layout-constrained\">\t\t\t<div \n\t\t\tclass=\"wp-block-uagb-google-map uagb-google-map__wrap uagb-block-aebf43ac     \"\n\t\t\tstyle=\"\" >\n\t\t\t\t<embed\n\t\t\t\t\tclass=\"uagb-google-map__iframe\"\n\t\t\t\t\ttitle=\"Carte Google pour \"\n\t\t\t\t\tsrc=\"https:\/\/maps.google.com\/maps?q=C%C3%A9dric%20Electricit%C3%A9&#038;z=12&#038;hl=fr&#038;t=m&#038;output=embed&#038;iwloc=near\"\n\t\t\t\t\twidth=\"640\"\n\t\t\t\t\theight=\"300\"\n\t\t\t\t\tloading=\"lazy\"\n\t\t\t\t><\/embed>\n\t\t\t<\/div>\n\t\t\t<\/div><\/div>\n<\/div>\n<\/div><\/div>\n<\/div>\n<\/div>\n","protected":false},"excerpt":{"rendered":"<p>Artisan local Bas\u00e9 sur la commune de Viroflay, nous intervenons sur un large secteur. Forfait d\u00e9pannage D\u00e9placement + la premi\u00e8re heure de main d&rsquo;\u0153uvre \u00e0 129 \u20ac TTC. Devis gratuit Nos devis sont enti\u00e8rement gratuit. Satisfaction client La satisfaction de nos clients est notre priorit\u00e9. Nos services R\u00e9novation et mise aux normes de votre installation&hellip; <br \/> <a class=\"button small blue\" href=\"https:\/\/cedricelectricite.com\/\">Lire la suite<\/a><\/p>\n","protected":false},"author":1,"featured_media":0,"parent":0,"menu_order":0,"comment_status":"closed","ping_status":"closed","template":"","meta":{"_uag_custom_page_level_css":"","footnotes":""},"class_list":["post-6","page","type-page","status-publish","hentry"],"yoast_head":"<!-- This site is optimized with the Yoast SEO plugin v27.4 - https:\/\/yoast.com\/product\/yoast-seo-wordpress\/ -->\n<title>C\u00e9dric Electricit\u00e9, \u00c9lectricien \u00e0 Viroflay, Yvelines et Hauts de Seine<\/title>\n<meta name=\"description\" content=\"Besoin d&#039;un \u00e9lectricien \u00e0 Viroflay ? C\u00e9dric Electricit\u00e9 vous propose des services d&#039;installation, de r\u00e9novation et de d\u00e9pannage.\" \/>\n<meta name=\"robots\" content=\"index, follow, max-snippet:-1, max-image-preview:large, max-video-preview:-1\" \/>\n<link rel=\"canonical\" href=\"https:\/\/cedricelectricite.com\/\" \/>\n<meta property=\"og:locale\" content=\"fr_FR\" \/>\n<meta property=\"og:type\" content=\"article\" \/>\n<meta property=\"og:title\" content=\"C\u00e9dric Electricit\u00e9, \u00c9lectricien \u00e0 Viroflay, Yvelines et Hauts de Seine\" \/>\n<meta property=\"og:description\" content=\"Besoin d&#039;un \u00e9lectricien \u00e0 Viroflay ? C\u00e9dric Electricit\u00e9 vous propose des services d&#039;installation, de r\u00e9novation et de d\u00e9pannage.\" \/>\n<meta property=\"og:url\" content=\"https:\/\/cedricelectricite.com\/\" \/>\n<meta property=\"og:site_name\" content=\"C\u00e9dric Electricit\u00e9\" \/>\n<meta property=\"article:modified_time\" content=\"2025-12-28T14:42:16+00:00\" \/>\n<meta name=\"twitter:card\" content=\"summary_large_image\" \/>\n<meta name=\"twitter:label1\" content=\"Dur\u00e9e de lecture estim\u00e9e\" \/>\n\t<meta name=\"twitter:data1\" content=\"4 minutes\" \/>\n<script type=\"application\/ld+json\" class=\"yoast-schema-graph\">{\"@context\":\"https:\\\/\\\/schema.org\",\"@graph\":[{\"@type\":\"WebPage\",\"@id\":\"https:\\\/\\\/cedricelectricite.com\\\/\",\"url\":\"https:\\\/\\\/cedricelectricite.com\\\/\",\"name\":\"C\u00e9dric Electricit\u00e9, \u00c9lectricien \u00e0 Viroflay, Yvelines et Hauts de Seine\",\"isPartOf\":{\"@id\":\"https:\\\/\\\/cedricelectricite.com\\\/#website\"},\"primaryImageOfPage\":{\"@id\":\"https:\\\/\\\/cedricelectricite.com\\\/#primaryimage\"},\"image\":{\"@id\":\"https:\\\/\\\/cedricelectricite.com\\\/#primaryimage\"},\"thumbnailUrl\":\"http:\\\/\\\/cedricelectricite.com\\\/wp-content\\\/themes\\\/astra\\\/inc\\\/assets\\\/images\\\/starter-content\\\/building.svg\",\"datePublished\":\"2024-05-20T09:53:06+00:00\",\"dateModified\":\"2025-12-28T14:42:16+00:00\",\"description\":\"Besoin d'un \u00e9lectricien \u00e0 Viroflay ? C\u00e9dric Electricit\u00e9 vous propose des services d'installation, de r\u00e9novation et de d\u00e9pannage.\",\"breadcrumb\":{\"@id\":\"https:\\\/\\\/cedricelectricite.com\\\/#breadcrumb\"},\"inLanguage\":\"fr-FR\",\"potentialAction\":[{\"@type\":\"ReadAction\",\"target\":[\"https:\\\/\\\/cedricelectricite.com\\\/\"]}]},{\"@type\":\"ImageObject\",\"inLanguage\":\"fr-FR\",\"@id\":\"https:\\\/\\\/cedricelectricite.com\\\/#primaryimage\",\"url\":\"\",\"contentUrl\":\"\"},{\"@type\":\"BreadcrumbList\",\"@id\":\"https:\\\/\\\/cedricelectricite.com\\\/#breadcrumb\",\"itemListElement\":[{\"@type\":\"ListItem\",\"position\":1,\"name\":\"Accueil\",\"item\":\"https:\\\/\\\/cedricelectricite.com\\\/\"},{\"@type\":\"ListItem\",\"position\":2,\"name\":\"Accueil\"}]},{\"@type\":\"WebSite\",\"@id\":\"https:\\\/\\\/cedricelectricite.com\\\/#website\",\"url\":\"https:\\\/\\\/cedricelectricite.com\\\/\",\"name\":\"C\u00e9dric Electricit\u00e9\",\"description\":\"Electicit\u00e9 g\u00e9n\u00e9rale, installation neuve, r\u00e9novation et d\u00e9pannage\",\"potentialAction\":[{\"@type\":\"SearchAction\",\"target\":{\"@type\":\"EntryPoint\",\"urlTemplate\":\"https:\\\/\\\/cedricelectricite.com\\\/?s={search_term_string}\"},\"query-input\":{\"@type\":\"PropertyValueSpecification\",\"valueRequired\":true,\"valueName\":\"search_term_string\"}}],\"inLanguage\":\"fr-FR\"}]}<\/script>\n<!-- \/ Yoast SEO plugin. -->","yoast_head_json":{"title":"C\u00e9dric Electricit\u00e9, \u00c9lectricien \u00e0 Viroflay, Yvelines et Hauts de Seine","description":"Besoin d'un \u00e9lectricien \u00e0 Viroflay ? C\u00e9dric Electricit\u00e9 vous propose des services d'installation, de r\u00e9novation et de d\u00e9pannage.","robots":{"index":"index","follow":"follow","max-snippet":"max-snippet:-1","max-image-preview":"max-image-preview:large","max-video-preview":"max-video-preview:-1"},"canonical":"https:\/\/cedricelectricite.com\/","og_locale":"fr_FR","og_type":"article","og_title":"C\u00e9dric Electricit\u00e9, \u00c9lectricien \u00e0 Viroflay, Yvelines et Hauts de Seine","og_description":"Besoin d'un \u00e9lectricien \u00e0 Viroflay ? C\u00e9dric Electricit\u00e9 vous propose des services d'installation, de r\u00e9novation et de d\u00e9pannage.","og_url":"https:\/\/cedricelectricite.com\/","og_site_name":"C\u00e9dric Electricit\u00e9","article_modified_time":"2025-12-28T14:42:16+00:00","twitter_card":"summary_large_image","twitter_misc":{"Dur\u00e9e de lecture estim\u00e9e":"4 minutes"},"schema":{"@context":"https:\/\/schema.org","@graph":[{"@type":"WebPage","@id":"https:\/\/cedricelectricite.com\/","url":"https:\/\/cedricelectricite.com\/","name":"C\u00e9dric Electricit\u00e9, \u00c9lectricien \u00e0 Viroflay, Yvelines et Hauts de Seine","isPartOf":{"@id":"https:\/\/cedricelectricite.com\/#website"},"primaryImageOfPage":{"@id":"https:\/\/cedricelectricite.com\/#primaryimage"},"image":{"@id":"https:\/\/cedricelectricite.com\/#primaryimage"},"thumbnailUrl":"http:\/\/cedricelectricite.com\/wp-content\/themes\/astra\/inc\/assets\/images\/starter-content\/building.svg","datePublished":"2024-05-20T09:53:06+00:00","dateModified":"2025-12-28T14:42:16+00:00","description":"Besoin d'un \u00e9lectricien \u00e0 Viroflay ? C\u00e9dric Electricit\u00e9 vous propose des services d'installation, de r\u00e9novation et de d\u00e9pannage.","breadcrumb":{"@id":"https:\/\/cedricelectricite.com\/#breadcrumb"},"inLanguage":"fr-FR","potentialAction":[{"@type":"ReadAction","target":["https:\/\/cedricelectricite.com\/"]}]},{"@type":"ImageObject","inLanguage":"fr-FR","@id":"https:\/\/cedricelectricite.com\/#primaryimage","url":"","contentUrl":""},{"@type":"BreadcrumbList","@id":"https:\/\/cedricelectricite.com\/#breadcrumb","itemListElement":[{"@type":"ListItem","position":1,"name":"Accueil","item":"https:\/\/cedricelectricite.com\/"},{"@type":"ListItem","position":2,"name":"Accueil"}]},{"@type":"WebSite","@id":"https:\/\/cedricelectricite.com\/#website","url":"https:\/\/cedricelectricite.com\/","name":"C\u00e9dric Electricit\u00e9","description":"Electicit\u00e9 g\u00e9n\u00e9rale, installation neuve, r\u00e9novation et d\u00e9pannage","potentialAction":[{"@type":"SearchAction","target":{"@type":"EntryPoint","urlTemplate":"https:\/\/cedricelectricite.com\/?s={search_term_string}"},"query-input":{"@type":"PropertyValueSpecification","valueRequired":true,"valueName":"search_term_string"}}],"inLanguage":"fr-FR"}]}},"uagb_featured_image_src":{"full":false,"thumbnail":false,"medium":false,"medium_large":false,"large":false,"1536x1536":false,"2048x2048":false,"post-thumbnail":false,"one-page-express-full-hd":false},"uagb_author_info":{"display_name":"C\u00e9dric Roux","author_link":"https:\/\/cedricelectricite.com\/index.php\/author\/admin9306\/"},"uagb_comment_info":0,"uagb_excerpt":"Artisan local Bas\u00e9 sur la commune de Viroflay, nous intervenons sur un large secteur. Forfait d\u00e9pannage D\u00e9placement + la premi\u00e8re heure de main d&rsquo;\u0153uvre \u00e0 129 \u20ac TTC. Devis gratuit Nos devis sont enti\u00e8rement gratuit. Satisfaction client La satisfaction de nos clients est notre priorit\u00e9. Nos services R\u00e9novation et mise aux normes de votre installation&hellip;\u2026","_links":{"self":[{"href":"https:\/\/cedricelectricite.com\/index.php\/wp-json\/wp\/v2\/pages\/6","targetHints":{"allow":["GET"]}}],"collection":[{"href":"https:\/\/cedricelectricite.com\/index.php\/wp-json\/wp\/v2\/pages"}],"about":[{"href":"https:\/\/cedricelectricite.com\/index.php\/wp-json\/wp\/v2\/types\/page"}],"author":[{"embeddable":true,"href":"https:\/\/cedricelectricite.com\/index.php\/wp-json\/wp\/v2\/users\/1"}],"replies":[{"embeddable":true,"href":"https:\/\/cedricelectricite.com\/index.php\/wp-json\/wp\/v2\/comments?post=6"}],"version-history":[{"count":25,"href":"https:\/\/cedricelectricite.com\/index.php\/wp-json\/wp\/v2\/pages\/6\/revisions"}],"predecessor-version":[{"id":1815,"href":"https:\/\/cedricelectricite.com\/index.php\/wp-json\/wp\/v2\/pages\/6\/revisions\/1815"}],"wp:attachment":[{"href":"https:\/\/cedricelectricite.com\/index.php\/wp-json\/wp\/v2\/media?parent=6"}],"curies":[{"name":"wp","href":"https:\/\/api.w.org\/{rel}","templated":true}]}}