{"id":135,"date":"2024-10-13T12:20:58","date_gmt":"2024-10-13T10:20:58","guid":{"rendered":"https:\/\/cedricelectricite.com\/?page_id=135"},"modified":"2024-10-13T12:21:01","modified_gmt":"2024-10-13T10:21:01","slug":"renovation-mise-aux-normes-installation-electrique-viroflay","status":"publish","type":"page","link":"https:\/\/cedricelectricite.com\/index.php\/renovation-mise-aux-normes-installation-electrique-viroflay\/","title":{"rendered":"R\u00e9novation et Mise aux Normes d&rsquo;Installation \u00c9lectrique \u00e0 Viroflay et dans les Yvelines"},"content":{"rendered":"\n<h3 class=\"wp-block-heading\">Confiez la S\u00e9curit\u00e9 de Votre Installation \u00c9lectrique \u00e0 C\u00e9dric Electricit\u00e9<\/h3>\n\n\n\n<p>Votre installation \u00e9lectrique est ancienne ou ne respecte plus les normes en vigueur ? C\u00e9dric Electricit\u00e9, bas\u00e9 \u00e0 Viroflay, est sp\u00e9cialis\u00e9 dans la r\u00e9novation et la mise aux normes des installations \u00e9lectriques pour garantir la s\u00e9curit\u00e9 de votre logement. Nous intervenons dans toutes les Yvelines, notamment \u00e0 Versailles, Chaville, et Le Chesnay, pour vous offrir une solution conforme, s\u00e9curis\u00e9e et durable.<\/p>\n\n\n\n<hr class=\"wp-block-separator has-alpha-channel-opacity\"\/>\n\n\n\n<h3 class=\"wp-block-heading\">Pourquoi R\u00e9nover et Mettre aux Normes Votre Installation \u00c9lectrique ?<\/h3>\n\n\n\n<h4 class=\"wp-block-heading\">S\u00e9curit\u00e9 et Conformit\u00e9<\/h4>\n\n\n\n<p>Une installation \u00e9lectrique vieillissante peut repr\u00e9senter un danger important pour votre domicile. Pour \u00e9viter tout risque d&rsquo;incendie, de court-circuit ou d&rsquo;accident, il est essentiel de proc\u00e9der \u00e0 une mise en conformit\u00e9 avec les derni\u00e8res normes (NFC 15-100). De plus, une r\u00e9novation permet d\u2019adapter votre r\u00e9seau aux nouveaux appareils \u00e9lectriques que vous utilisez quotidiennement (chauffe-eau, \u00e9lectrom\u00e9nager, bornes de recharge pour v\u00e9hicules \u00e9lectriques, etc.).<\/p>\n\n\n\n<hr class=\"wp-block-separator has-alpha-channel-opacity\"\/>\n\n\n\n<h3 class=\"wp-block-heading\">Nos Prestations pour la R\u00e9novation et la Mise aux Normes<\/h3>\n\n\n\n<p>Chez C\u00e9dric Electricit\u00e9, nous vous proposons un service complet, de l&rsquo;audit de votre installation jusqu&rsquo;\u00e0 la mise en conformit\u00e9 :<\/p>\n\n\n\n<ol class=\"wp-block-list\">\n<li><strong>Audit Complet de Votre Installation<\/strong>\n<ul class=\"wp-block-list\">\n<li>Diagnostic de votre r\u00e9seau actuel<\/li>\n\n\n\n<li>Identification des points de non-conformit\u00e9 et des risques<\/li>\n\n\n\n<li>Recommandations personnalis\u00e9es<\/li>\n<\/ul>\n<\/li>\n\n\n\n<li><strong>R\u00e9novation de l\u2019Installation<\/strong>\n<ul class=\"wp-block-list\">\n<li>Remplacement des c\u00e2bles, tableaux \u00e9lectriques et dispositifs de protection<\/li>\n\n\n\n<li>Mise en s\u00e9curit\u00e9 des prises et des interrupteurs<\/li>\n\n\n\n<li>Optimisation du r\u00e9seau pour une meilleure distribution de l&rsquo;\u00e9lectricit\u00e9<\/li>\n<\/ul>\n<\/li>\n\n\n\n<li><strong>Mise en Conformit\u00e9 avec les Normes Actuelles<\/strong>\n<ul class=\"wp-block-list\">\n<li>Respect des normes NFC 15-100<\/li>\n\n\n\n<li>Installation de dispositifs de protection (disjoncteurs, interrupteurs diff\u00e9rentiels)<\/li>\n\n\n\n<li>Ajout d&rsquo;une prise de terre si n\u00e9cessaire<\/li>\n<\/ul>\n<\/li>\n<\/ol>\n\n\n\n<hr class=\"wp-block-separator has-alpha-channel-opacity\"\/>\n\n\n\n<h3 class=\"wp-block-heading\">Pourquoi Choisir C\u00e9dric Electricit\u00e9 pour Votre R\u00e9novation \u00c9lectrique ?<\/h3>\n\n\n\n<h4 class=\"wp-block-heading\">Expertise et Exp\u00e9rience<\/h4>\n\n\n\n<p>Avec de nombreuses ann\u00e9es d\u2019exp\u00e9rience dans le domaine de l\u2019\u00e9lectricit\u00e9, C\u00e9dric Electricit\u00e9 vous garantit un travail professionnel et conforme aux derni\u00e8res normes. Nous assurons une intervention rapide et soign\u00e9e, en minimisant les d\u00e9sagr\u00e9ments dans votre quotidien.<\/p>\n\n\n\n<h4 class=\"wp-block-heading\">Intervention Rapide \u00e0 Viroflay et dans les Yvelines<\/h4>\n\n\n\n<p>Nous intervenons \u00e0 Viroflay et dans tout le d\u00e9partement des Yvelines pour r\u00e9pondre \u00e0 vos besoins de r\u00e9novation \u00e9lectrique. Que vous soyez \u00e0 Versailles, Chaville, ou dans les communes environnantes, nous sommes \u00e0 votre service pour s\u00e9curiser votre installation.<\/p>\n\n\n\n<h4 class=\"wp-block-heading\">\u00c9conomies d\u2019\u00c9nergie et Valorisation de Votre Bien<\/h4>\n\n\n\n<p>Une installation \u00e9lectrique r\u00e9nov\u00e9e permet non seulement d&rsquo;am\u00e9liorer la s\u00e9curit\u00e9 de votre maison, mais aussi de r\u00e9duire votre consommation \u00e9nerg\u00e9tique. De plus, une mise aux normes peut valoriser votre bien immobilier en cas de vente.<\/p>\n\n\n\n<hr class=\"wp-block-separator has-alpha-channel-opacity\"\/>\n\n\n\n<h3 class=\"wp-block-heading\">FAQ sur la R\u00e9novation \u00c9lectrique<\/h3>\n\n\n\n<p><strong>Pourquoi est-il important de mettre aux normes son installation \u00e9lectrique ?<\/strong> Une installation \u00e9lectrique obsol\u00e8te peut entra\u00eener des risques importants pour la s\u00e9curit\u00e9, comme les incendies et les \u00e9lectrocutions. La mise aux normes garantit la s\u00e9curit\u00e9 et permet d\u2019adapter l\u2019installation aux nouveaux \u00e9quipements.<\/p>\n\n\n\n<p><strong>Comment savoir si mon installation est conforme ?<\/strong> Si votre installation a plus de 15 ans, elle doit \u00eatre v\u00e9rifi\u00e9e. Les diagnostics de s\u00e9curit\u00e9 \u00e9lectrique permettent de d\u00e9tecter les non-conformit\u00e9s.<\/p>\n\n\n\n<p><strong>Combien de temps dure une r\u00e9novation \u00e9lectrique ?<\/strong> La dur\u00e9e d\u00e9pend de l&rsquo;ampleur des travaux \u00e0 r\u00e9aliser, mais en g\u00e9n\u00e9ral, une r\u00e9novation compl\u00e8te prend entre 3 \u00e0 7 jours.<\/p>\n\n\n\n<hr class=\"wp-block-separator has-alpha-channel-opacity\"\/>\n\n\n\n<h3 class=\"wp-block-heading\">Contactez C\u00e9dric Electricit\u00e9 pour une R\u00e9novation \u00c9lectrique \u00e0 Viroflay<\/h3>\n\n\n\n<p>Vous avez besoin de r\u00e9nover ou de mettre aux normes votre installation \u00e9lectrique ? Contactez C\u00e9dric Electricit\u00e9 d\u00e8s maintenant pour un devis gratuit et personnalis\u00e9 :<\/p>\n\n\n\n<ul class=\"wp-block-list\">\n<li><strong>T\u00e9l\u00e9phone :<\/strong> 06 88 11 10 93<\/li>\n\n\n\n<li><strong>Adresse :<\/strong> 28 rue Jean Charcot 78220 Viroflay<\/li>\n<\/ul>\n\n\n\n<p>Remplissez notre formulaire de contact pour planifier une visite technique et recevoir un devis sur mesure.<\/p>\n\n\n\n<div class=\"wpcf7 no-js\" id=\"wpcf7-f37-o1\" lang=\"fr-FR\" dir=\"ltr\" data-wpcf7-id=\"37\">\n<div class=\"screen-reader-response\"><p role=\"status\" aria-live=\"polite\" aria-atomic=\"true\"><\/p> <ul><\/ul><\/div>\n<form action=\"\/index.php\/wp-json\/wp\/v2\/pages\/135#wpcf7-f37-o1\" method=\"post\" class=\"wpcf7-form init\" aria-label=\"Formulaire de contact\" novalidate=\"novalidate\" data-status=\"init\">\n<fieldset class=\"hidden-fields-container\"><input type=\"hidden\" name=\"_wpcf7\" value=\"37\" \/><input type=\"hidden\" name=\"_wpcf7_version\" value=\"6.1.5\" \/><input type=\"hidden\" name=\"_wpcf7_locale\" value=\"fr_FR\" \/><input type=\"hidden\" name=\"_wpcf7_unit_tag\" value=\"wpcf7-f37-o1\" \/><input type=\"hidden\" name=\"_wpcf7_container_post\" value=\"0\" \/><input type=\"hidden\" name=\"_wpcf7_posted_data_hash\" value=\"\" \/><input type=\"hidden\" name=\"_wpcf7_recaptcha_response\" value=\"\" \/>\n<\/fieldset>\n<p><label> Votre nom :<br \/>\n<span class=\"wpcf7-form-control-wrap\" data-name=\"nom\"><input size=\"40\" maxlength=\"400\" class=\"wpcf7-form-control wpcf7-text wpcf7-validates-as-required\" id=\"nom\" autocomplete=\"nom\" aria-required=\"true\" aria-invalid=\"false\" placeholder=\"\" value=\"\" type=\"text\" name=\"nom\" \/><\/span> <\/label>\n<\/p>\n<p><label> Votre num\u00e9ro de t\u00e9l\u00e9phone :<br \/>\n<span class=\"wpcf7-form-control-wrap\" data-name=\"telephone\"><input size=\"40\" maxlength=\"400\" class=\"wpcf7-form-control wpcf7-tel wpcf7-validates-as-required wpcf7-text wpcf7-validates-as-tel\" id=\"telephone\" aria-required=\"true\" aria-invalid=\"false\" placeholder=\"\" value=\"\" type=\"tel\" name=\"telephone\" \/><\/span> <\/label>\n<\/p>\n<p><label> Votre e-mail :<br \/>\n<span class=\"wpcf7-form-control-wrap\" data-name=\"email\"><input size=\"40\" maxlength=\"400\" class=\"wpcf7-form-control wpcf7-email wpcf7-validates-as-required wpcf7-text wpcf7-validates-as-email email\" id=\"email\" autocomplete=\"email\" aria-required=\"true\" aria-invalid=\"false\" placeholder=\"\" value=\"\" type=\"email\" name=\"email\" \/><\/span> <\/label>\n<\/p>\n<p><label> Objet :<br \/>\n<span class=\"wpcf7-form-control-wrap\" data-name=\"objet\"><input size=\"40\" maxlength=\"400\" class=\"wpcf7-form-control wpcf7-text wpcf7-validates-as-required\" id=\"objet\" aria-required=\"true\" aria-invalid=\"false\" value=\"\" type=\"text\" name=\"objet\" \/><\/span> <\/label>\n<\/p>\n<p><label> Votre message (facultatif) :<br \/>\n<span class=\"wpcf7-form-control-wrap\" data-name=\"message\"><textarea cols=\"40\" rows=\"10\" maxlength=\"2000\" class=\"wpcf7-form-control wpcf7-textarea\" id=\"message\" aria-invalid=\"false\" name=\"message\"><\/textarea><\/span> <\/label>\n<\/p>\n<p><input class=\"wpcf7-form-control wpcf7-submit has-spinner\" type=\"submit\" value=\"Envoyer\" \/>\n<\/p><p style=\"display: none !important;\" class=\"akismet-fields-container\" data-prefix=\"_wpcf7_ak_\"><label>&#916;<textarea name=\"_wpcf7_ak_hp_textarea\" cols=\"45\" rows=\"8\" maxlength=\"100\"><\/textarea><\/label><input type=\"hidden\" id=\"ak_js_1\" name=\"_wpcf7_ak_js\" value=\"130\"\/><script>document.getElementById( \"ak_js_1\" ).setAttribute( \"value\", ( new Date() ).getTime() );<\/script><\/p><div class=\"wpcf7-response-output\" aria-hidden=\"true\"><\/div>\n<\/form>\n<\/div>\n\n\n\n\n<p><\/p>\n","protected":false},"excerpt":{"rendered":"<p>Confiez la S\u00e9curit\u00e9 de Votre Installation \u00c9lectrique \u00e0 C\u00e9dric Electricit\u00e9 Votre installation \u00e9lectrique est ancienne ou ne respecte plus les normes en vigueur ? C\u00e9dric Electricit\u00e9, bas\u00e9 \u00e0 Viroflay, est sp\u00e9cialis\u00e9 dans la r\u00e9novation et la mise aux normes des installations \u00e9lectriques pour garantir la s\u00e9curit\u00e9 de votre logement. Nous intervenons dans toutes les Yvelines,&hellip; <br \/> <a class=\"button small blue\" href=\"https:\/\/cedricelectricite.com\/index.php\/renovation-mise-aux-normes-installation-electrique-viroflay\/\">Lire la suite<\/a><\/p>\n","protected":false},"author":1,"featured_media":0,"parent":0,"menu_order":0,"comment_status":"closed","ping_status":"closed","template":"","meta":{"_uag_custom_page_level_css":"","footnotes":""},"class_list":["post-135","page","type-page","status-publish","hentry"],"yoast_head":"<!-- This site is optimized with the Yoast SEO plugin v27.4 - https:\/\/yoast.com\/product\/yoast-seo-wordpress\/ -->\n<title>R\u00e9novation et Mise aux Normes d\u2019Installation \u00c9lectrique<\/title>\n<meta name=\"description\" content=\"C\u00e9dric Electricit\u00e9, expert \u00e0 Viroflay, assure la r\u00e9novation et la mise aux normes des installations \u00e9lectriques dans les Yvelines.\" \/>\n<meta name=\"robots\" content=\"index, follow, max-snippet:-1, max-image-preview:large, max-video-preview:-1\" \/>\n<link rel=\"canonical\" href=\"https:\/\/cedricelectricite.com\/index.php\/renovation-mise-aux-normes-installation-electrique-viroflay\/\" \/>\n<meta property=\"og:locale\" content=\"fr_FR\" \/>\n<meta property=\"og:type\" content=\"article\" \/>\n<meta property=\"og:title\" content=\"R\u00e9novation et Mise aux Normes d\u2019Installation \u00c9lectrique\" \/>\n<meta property=\"og:description\" content=\"C\u00e9dric Electricit\u00e9, expert \u00e0 Viroflay, assure la r\u00e9novation et la mise aux normes des installations \u00e9lectriques dans les Yvelines.\" \/>\n<meta property=\"og:url\" content=\"https:\/\/cedricelectricite.com\/index.php\/renovation-mise-aux-normes-installation-electrique-viroflay\/\" \/>\n<meta property=\"og:site_name\" content=\"C\u00e9dric Electricit\u00e9\" \/>\n<meta property=\"article:modified_time\" content=\"2024-10-13T10:21:01+00:00\" \/>\n<meta name=\"twitter:card\" content=\"summary_large_image\" \/>\n<meta name=\"twitter:label1\" content=\"Dur\u00e9e de lecture estim\u00e9e\" \/>\n\t<meta name=\"twitter:data1\" content=\"3 minutes\" \/>\n<script type=\"application\/ld+json\" class=\"yoast-schema-graph\">{\"@context\":\"https:\\\/\\\/schema.org\",\"@graph\":[{\"@type\":\"WebPage\",\"@id\":\"https:\\\/\\\/cedricelectricite.com\\\/index.php\\\/renovation-mise-aux-normes-installation-electrique-viroflay\\\/\",\"url\":\"https:\\\/\\\/cedricelectricite.com\\\/index.php\\\/renovation-mise-aux-normes-installation-electrique-viroflay\\\/\",\"name\":\"R\u00e9novation et Mise aux Normes d\u2019Installation \u00c9lectrique\",\"isPartOf\":{\"@id\":\"https:\\\/\\\/cedricelectricite.com\\\/#website\"},\"datePublished\":\"2024-10-13T10:20:58+00:00\",\"dateModified\":\"2024-10-13T10:21:01+00:00\",\"description\":\"C\u00e9dric Electricit\u00e9, expert \u00e0 Viroflay, assure la r\u00e9novation et la mise aux normes des installations \u00e9lectriques dans les Yvelines.\",\"breadcrumb\":{\"@id\":\"https:\\\/\\\/cedricelectricite.com\\\/index.php\\\/renovation-mise-aux-normes-installation-electrique-viroflay\\\/#breadcrumb\"},\"inLanguage\":\"fr-FR\",\"potentialAction\":[{\"@type\":\"ReadAction\",\"target\":[\"https:\\\/\\\/cedricelectricite.com\\\/index.php\\\/renovation-mise-aux-normes-installation-electrique-viroflay\\\/\"]}]},{\"@type\":\"BreadcrumbList\",\"@id\":\"https:\\\/\\\/cedricelectricite.com\\\/index.php\\\/renovation-mise-aux-normes-installation-electrique-viroflay\\\/#breadcrumb\",\"itemListElement\":[{\"@type\":\"ListItem\",\"position\":1,\"name\":\"Accueil\",\"item\":\"https:\\\/\\\/cedricelectricite.com\\\/\"},{\"@type\":\"ListItem\",\"position\":2,\"name\":\"R\u00e9novation et Mise aux Normes d&rsquo;Installation \u00c9lectrique \u00e0 Viroflay et dans les Yvelines\"}]},{\"@type\":\"WebSite\",\"@id\":\"https:\\\/\\\/cedricelectricite.com\\\/#website\",\"url\":\"https:\\\/\\\/cedricelectricite.com\\\/\",\"name\":\"C\u00e9dric Electricit\u00e9\",\"description\":\"Electicit\u00e9 g\u00e9n\u00e9rale, installation neuve, r\u00e9novation et d\u00e9pannage\",\"potentialAction\":[{\"@type\":\"SearchAction\",\"target\":{\"@type\":\"EntryPoint\",\"urlTemplate\":\"https:\\\/\\\/cedricelectricite.com\\\/?s={search_term_string}\"},\"query-input\":{\"@type\":\"PropertyValueSpecification\",\"valueRequired\":true,\"valueName\":\"search_term_string\"}}],\"inLanguage\":\"fr-FR\"}]}<\/script>\n<!-- \/ Yoast SEO plugin. -->","yoast_head_json":{"title":"R\u00e9novation et Mise aux Normes d\u2019Installation \u00c9lectrique","description":"C\u00e9dric Electricit\u00e9, expert \u00e0 Viroflay, assure la r\u00e9novation et la mise aux normes des installations \u00e9lectriques dans les Yvelines.","robots":{"index":"index","follow":"follow","max-snippet":"max-snippet:-1","max-image-preview":"max-image-preview:large","max-video-preview":"max-video-preview:-1"},"canonical":"https:\/\/cedricelectricite.com\/index.php\/renovation-mise-aux-normes-installation-electrique-viroflay\/","og_locale":"fr_FR","og_type":"article","og_title":"R\u00e9novation et Mise aux Normes d\u2019Installation \u00c9lectrique","og_description":"C\u00e9dric Electricit\u00e9, expert \u00e0 Viroflay, assure la r\u00e9novation et la mise aux normes des installations \u00e9lectriques dans les Yvelines.","og_url":"https:\/\/cedricelectricite.com\/index.php\/renovation-mise-aux-normes-installation-electrique-viroflay\/","og_site_name":"C\u00e9dric Electricit\u00e9","article_modified_time":"2024-10-13T10:21:01+00:00","twitter_card":"summary_large_image","twitter_misc":{"Dur\u00e9e de lecture estim\u00e9e":"3 minutes"},"schema":{"@context":"https:\/\/schema.org","@graph":[{"@type":"WebPage","@id":"https:\/\/cedricelectricite.com\/index.php\/renovation-mise-aux-normes-installation-electrique-viroflay\/","url":"https:\/\/cedricelectricite.com\/index.php\/renovation-mise-aux-normes-installation-electrique-viroflay\/","name":"R\u00e9novation et Mise aux Normes d\u2019Installation \u00c9lectrique","isPartOf":{"@id":"https:\/\/cedricelectricite.com\/#website"},"datePublished":"2024-10-13T10:20:58+00:00","dateModified":"2024-10-13T10:21:01+00:00","description":"C\u00e9dric Electricit\u00e9, expert \u00e0 Viroflay, assure la r\u00e9novation et la mise aux normes des installations \u00e9lectriques dans les Yvelines.","breadcrumb":{"@id":"https:\/\/cedricelectricite.com\/index.php\/renovation-mise-aux-normes-installation-electrique-viroflay\/#breadcrumb"},"inLanguage":"fr-FR","potentialAction":[{"@type":"ReadAction","target":["https:\/\/cedricelectricite.com\/index.php\/renovation-mise-aux-normes-installation-electrique-viroflay\/"]}]},{"@type":"BreadcrumbList","@id":"https:\/\/cedricelectricite.com\/index.php\/renovation-mise-aux-normes-installation-electrique-viroflay\/#breadcrumb","itemListElement":[{"@type":"ListItem","position":1,"name":"Accueil","item":"https:\/\/cedricelectricite.com\/"},{"@type":"ListItem","position":2,"name":"R\u00e9novation et Mise aux Normes d&rsquo;Installation \u00c9lectrique \u00e0 Viroflay et dans les Yvelines"}]},{"@type":"WebSite","@id":"https:\/\/cedricelectricite.com\/#website","url":"https:\/\/cedricelectricite.com\/","name":"C\u00e9dric Electricit\u00e9","description":"Electicit\u00e9 g\u00e9n\u00e9rale, installation neuve, r\u00e9novation et d\u00e9pannage","potentialAction":[{"@type":"SearchAction","target":{"@type":"EntryPoint","urlTemplate":"https:\/\/cedricelectricite.com\/?s={search_term_string}"},"query-input":{"@type":"PropertyValueSpecification","valueRequired":true,"valueName":"search_term_string"}}],"inLanguage":"fr-FR"}]}},"uagb_featured_image_src":{"full":false,"thumbnail":false,"medium":false,"medium_large":false,"large":false,"1536x1536":false,"2048x2048":false,"post-thumbnail":false,"one-page-express-full-hd":false},"uagb_author_info":{"display_name":"C\u00e9dric Roux","author_link":"https:\/\/cedricelectricite.com\/index.php\/author\/admin9306\/"},"uagb_comment_info":0,"uagb_excerpt":"Confiez la S\u00e9curit\u00e9 de Votre Installation \u00c9lectrique \u00e0 C\u00e9dric Electricit\u00e9 Votre installation \u00e9lectrique est ancienne ou ne respecte plus les normes en vigueur ? C\u00e9dric Electricit\u00e9, bas\u00e9 \u00e0 Viroflay, est sp\u00e9cialis\u00e9 dans la r\u00e9novation et la mise aux normes des installations \u00e9lectriques pour garantir la s\u00e9curit\u00e9 de votre logement. Nous intervenons dans toutes les Yvelines,&hellip;\u2026","_links":{"self":[{"href":"https:\/\/cedricelectricite.com\/index.php\/wp-json\/wp\/v2\/pages\/135","targetHints":{"allow":["GET"]}}],"collection":[{"href":"https:\/\/cedricelectricite.com\/index.php\/wp-json\/wp\/v2\/pages"}],"about":[{"href":"https:\/\/cedricelectricite.com\/index.php\/wp-json\/wp\/v2\/types\/page"}],"author":[{"embeddable":true,"href":"https:\/\/cedricelectricite.com\/index.php\/wp-json\/wp\/v2\/users\/1"}],"replies":[{"embeddable":true,"href":"https:\/\/cedricelectricite.com\/index.php\/wp-json\/wp\/v2\/comments?post=135"}],"version-history":[{"count":1,"href":"https:\/\/cedricelectricite.com\/index.php\/wp-json\/wp\/v2\/pages\/135\/revisions"}],"predecessor-version":[{"id":136,"href":"https:\/\/cedricelectricite.com\/index.php\/wp-json\/wp\/v2\/pages\/135\/revisions\/136"}],"wp:attachment":[{"href":"https:\/\/cedricelectricite.com\/index.php\/wp-json\/wp\/v2\/media?parent=135"}],"curies":[{"name":"wp","href":"https:\/\/api.w.org\/{rel}","templated":true}]}}