{"id":103,"date":"2024-10-12T16:07:17","date_gmt":"2024-10-12T14:07:17","guid":{"rendered":"https:\/\/cedricelectricite.com\/?page_id=103"},"modified":"2024-10-13T12:07:13","modified_gmt":"2024-10-13T10:07:13","slug":"installation-de-borne-de-recharge-pour-vehicules-electriques-a-viroflay-et-dans-les-yvelines-et-hauts-de-seine","status":"publish","type":"page","link":"https:\/\/cedricelectricite.com\/index.php\/installation-de-borne-de-recharge-pour-vehicules-electriques-a-viroflay-et-dans-les-yvelines-et-hauts-de-seine\/","title":{"rendered":"Installation de Borne de Recharge pour V\u00e9hicules \u00c9lectriques \u00e0 Viroflay et dans les Yvelines et Hauts-de-Seine"},"content":{"rendered":"\n<h2 class=\"wp-block-heading\">Faites Installer Votre Borne de Recharge \u00e0 Domicile par C\u00e9dric Electricit\u00e9<\/h2>\n\n\n\n<p>Vous venez d&rsquo;acqu\u00e9rir un v\u00e9hicule \u00e9lectrique et souhaitez installer une borne de recharge \u00e0 domicile ? C\u00e9dric Electricit\u00e9, expert en installation \u00e9lectrique \u00e0 Viroflay, vous accompagne dans ce projet en vous offrant un service complet et conforme aux normes en vigueur. Nous intervenons dans toutes les Yvelines pour garantir une solution de recharge adapt\u00e9e \u00e0 votre habitation.<\/p>\n\n\n\n<hr class=\"wp-block-separator has-alpha-channel-opacity\"\/>\n\n\n\n<h2 class=\"wp-block-heading\">Pourquoi Installer une Borne de Recharge \u00e0 Domicile ?<\/h2>\n\n\n\n<h3 class=\"wp-block-heading\">Praticit\u00e9 et S\u00e9curit\u00e9<\/h3>\n\n\n\n<p>Installer une borne de recharge chez soi permet de charger votre v\u00e9hicule \u00e9lectrique en toute s\u00e9curit\u00e9 et confort, sans d\u00e9pendre des bornes publiques. C&rsquo;est une solution id\u00e9ale pour les propri\u00e9taires de v\u00e9hicules \u00e9lectriques qui veulent ma\u00eetriser leur consommation et recharger leur v\u00e9hicule \u00e0 leur rythme.<\/p>\n\n\n\n<hr class=\"wp-block-separator has-alpha-channel-opacity\"\/>\n\n\n\n<h2 class=\"wp-block-heading\">Nos Prestations pour l&rsquo;Installation de Bornes de Recharge<\/h2>\n\n\n\n<p>Chez C\u00e9dric Electricit\u00e9, nous proposons une solution cl\u00e9 en main pour l&rsquo;installation de votre borne de recharge :<\/p>\n\n\n\n<ol class=\"wp-block-list\">\n<li><strong>\u00c9tude Personnalis\u00e9e de Votre Besoin<\/strong>\n<ul class=\"wp-block-list\">\n<li>Analyse de votre installation \u00e9lectrique actuelle<\/li>\n\n\n\n<li>V\u00e9rification de la puissance disponible<\/li>\n\n\n\n<li>Recommandation sur le type de borne (puissance, connectivit\u00e9)<\/li>\n<\/ul>\n<\/li>\n\n\n\n<li><strong>Installation Conforme et S\u00e9curis\u00e9e<\/strong>\n<ul class=\"wp-block-list\">\n<li>Installation de la borne de recharge selon les normes en vigueur (NFC 15-100)<\/li>\n\n\n\n<li>Mise en s\u00e9curit\u00e9 de votre r\u00e9seau \u00e9lectrique si n\u00e9cessaire<\/li>\n\n\n\n<li>Test et validation de l&rsquo;installation<\/li>\n<\/ul>\n<\/li>\n\n\n\n<li><strong>Mise en Service et Formation<\/strong>\n<ul class=\"wp-block-list\">\n<li>Explication du fonctionnement de la borne<\/li>\n\n\n\n<li>Conseils pour une utilisation optimale et \u00e9conomique<\/li>\n<\/ul>\n<\/li>\n<\/ol>\n\n\n\n<hr class=\"wp-block-separator has-alpha-channel-opacity\"\/>\n\n\n\n<h2 class=\"wp-block-heading\">Pourquoi Choisir C\u00e9dric Electricit\u00e9 pour Installer Votre Borne de Recharge ?<\/h2>\n\n\n\n<h3 class=\"wp-block-heading\">Expertise dans l&rsquo;\u00c9lectromobilit\u00e9<\/h3>\n\n\n\n<p>Fort de notre expertise en \u00e9lectricit\u00e9 r\u00e9sidentielle, nous sommes sp\u00e9cialis\u00e9s dans l&rsquo;installation de bornes de recharge pour v\u00e9hicules \u00e9lectriques. Nous vous assurons une installation rapide, fiable et conforme aux exigences techniques.<\/p>\n\n\n\n<h3 class=\"wp-block-heading\">Intervention Rapide \u00e0 Viroflay et dans les Yvelines<\/h3>\n\n\n\n<p>Nous intervenons rapidement \u00e0 Viroflay et dans les communes avoisinantes (Versailles, Chaville, Le Chesnay, etc.) pour vous accompagner dans votre projet de mobilit\u00e9 \u00e9lectrique. Notre \u00e9quipe est disponible pour vous conseiller et installer votre borne en toute s\u00e9r\u00e9nit\u00e9.<\/p>\n\n\n\n<h3 class=\"wp-block-heading\">Aides Financi\u00e8res et Primes<\/h3>\n\n\n\n<p>Nous vous informons sur les \u00e9ventuelles aides financi\u00e8res disponibles pour l\u2019installation d\u2019une borne de recharge \u00e0 domicile, telles que le Cr\u00e9dit d&rsquo;Imp\u00f4t Transition \u00c9nerg\u00e9tique (CITE) ou les subventions sp\u00e9cifiques \u00e0 la r\u00e9gion \u00cele-de-France.<\/p>\n\n\n\n<hr class=\"wp-block-separator has-alpha-channel-opacity\"\/>\n\n\n\n<h2 class=\"wp-block-heading\">FAQ sur l&rsquo;Installation de Bornes de Recharge<\/h2>\n\n\n\n<p><strong>Quels types de bornes installez-vous ?<\/strong> Nous installons tous types de bornes de recharge, des mod\u00e8les standards aux bornes connect\u00e9es et intelligentes compatibles avec tous les v\u00e9hicules \u00e9lectriques.<\/p>\n\n\n\n<p><strong>Quel est le co\u00fbt moyen d&rsquo;installation d&rsquo;une borne de recharge ?<\/strong> Le co\u00fbt varie en fonction de la complexit\u00e9 de l&rsquo;installation et du type de borne. Contactez-nous pour obtenir un devis gratuit et personnalis\u00e9.<\/p>\n\n\n\n<p><strong>Combien de temps dure l&rsquo;installation ?<\/strong> L&rsquo;installation d&rsquo;une borne de recharge \u00e0 domicile prend g\u00e9n\u00e9ralement entre 3 et 6 heures, selon la configuration \u00e9lectrique de votre habitation.<\/p>\n\n\n\n<hr class=\"wp-block-separator has-alpha-channel-opacity\"\/>\n\n\n\n<h2 class=\"wp-block-heading\">Contactez C\u00e9dric Electricit\u00e9 pour Installer Votre Borne de Recharge \u00e0 Viroflay<\/h2>\n\n\n\n<p>Vous \u00eates pr\u00eat \u00e0 faire installer une borne de recharge chez vous ? Contactez-nous d\u00e8s maintenant pour un devis gratuit ou pour obtenir plus d&rsquo;informations sur nos services :<\/p>\n\n\n\n<ul class=\"wp-block-list\">\n<li><strong>T\u00e9l\u00e9phone :<\/strong> 06 88 11 10 93<\/li>\n\n\n\n<li><strong>Adresse :<\/strong> 28 rue Jean Charcot 78220 Viroflay<\/li>\n<\/ul>\n\n\n\n<p>Remplissez notre formulaire de contact pour planifier une visite technique et recevoir un devis sur mesure.<\/p>\n\n\n\n<div class=\"wpcf7 no-js\" id=\"wpcf7-f37-o1\" lang=\"fr-FR\" dir=\"ltr\" data-wpcf7-id=\"37\">\n<div class=\"screen-reader-response\"><p role=\"status\" aria-live=\"polite\" aria-atomic=\"true\"><\/p> <ul><\/ul><\/div>\n<form action=\"\/index.php\/wp-json\/wp\/v2\/pages\/103#wpcf7-f37-o1\" method=\"post\" class=\"wpcf7-form init\" aria-label=\"Formulaire de contact\" novalidate=\"novalidate\" data-status=\"init\">\n<fieldset class=\"hidden-fields-container\"><input type=\"hidden\" name=\"_wpcf7\" value=\"37\" \/><input type=\"hidden\" name=\"_wpcf7_version\" value=\"6.1.5\" \/><input type=\"hidden\" name=\"_wpcf7_locale\" value=\"fr_FR\" \/><input type=\"hidden\" name=\"_wpcf7_unit_tag\" value=\"wpcf7-f37-o1\" \/><input type=\"hidden\" name=\"_wpcf7_container_post\" value=\"0\" \/><input type=\"hidden\" name=\"_wpcf7_posted_data_hash\" value=\"\" \/><input type=\"hidden\" name=\"_wpcf7_recaptcha_response\" value=\"\" \/>\n<\/fieldset>\n<p><label> Votre nom :<br \/>\n<span class=\"wpcf7-form-control-wrap\" data-name=\"nom\"><input size=\"40\" maxlength=\"400\" class=\"wpcf7-form-control wpcf7-text wpcf7-validates-as-required\" id=\"nom\" autocomplete=\"nom\" aria-required=\"true\" aria-invalid=\"false\" placeholder=\"\" value=\"\" type=\"text\" name=\"nom\" \/><\/span> <\/label>\n<\/p>\n<p><label> Votre num\u00e9ro de t\u00e9l\u00e9phone :<br \/>\n<span class=\"wpcf7-form-control-wrap\" data-name=\"telephone\"><input size=\"40\" maxlength=\"400\" class=\"wpcf7-form-control wpcf7-tel wpcf7-validates-as-required wpcf7-text wpcf7-validates-as-tel\" id=\"telephone\" aria-required=\"true\" aria-invalid=\"false\" placeholder=\"\" value=\"\" type=\"tel\" name=\"telephone\" \/><\/span> <\/label>\n<\/p>\n<p><label> Votre e-mail :<br \/>\n<span class=\"wpcf7-form-control-wrap\" data-name=\"email\"><input size=\"40\" maxlength=\"400\" class=\"wpcf7-form-control wpcf7-email wpcf7-validates-as-required wpcf7-text wpcf7-validates-as-email email\" id=\"email\" autocomplete=\"email\" aria-required=\"true\" aria-invalid=\"false\" placeholder=\"\" value=\"\" type=\"email\" name=\"email\" \/><\/span> <\/label>\n<\/p>\n<p><label> Objet :<br \/>\n<span class=\"wpcf7-form-control-wrap\" data-name=\"objet\"><input size=\"40\" maxlength=\"400\" class=\"wpcf7-form-control wpcf7-text wpcf7-validates-as-required\" id=\"objet\" aria-required=\"true\" aria-invalid=\"false\" value=\"\" type=\"text\" name=\"objet\" \/><\/span> <\/label>\n<\/p>\n<p><label> Votre message (facultatif) :<br \/>\n<span class=\"wpcf7-form-control-wrap\" data-name=\"message\"><textarea cols=\"40\" rows=\"10\" maxlength=\"2000\" class=\"wpcf7-form-control wpcf7-textarea\" id=\"message\" aria-invalid=\"false\" name=\"message\"><\/textarea><\/span> <\/label>\n<\/p>\n<p><input class=\"wpcf7-form-control wpcf7-submit has-spinner\" type=\"submit\" value=\"Envoyer\" \/>\n<\/p><p style=\"display: none !important;\" class=\"akismet-fields-container\" data-prefix=\"_wpcf7_ak_\"><label>&#916;<textarea name=\"_wpcf7_ak_hp_textarea\" cols=\"45\" rows=\"8\" maxlength=\"100\"><\/textarea><\/label><input type=\"hidden\" id=\"ak_js_1\" name=\"_wpcf7_ak_js\" value=\"11\"\/><script>document.getElementById( \"ak_js_1\" ).setAttribute( \"value\", ( new Date() ).getTime() );<\/script><\/p><div class=\"wpcf7-response-output\" aria-hidden=\"true\"><\/div>\n<\/form>\n<\/div>\n\n\n\n\n<p><\/p>\n","protected":false},"excerpt":{"rendered":"<p>Faites Installer Votre Borne de Recharge \u00e0 Domicile par C\u00e9dric Electricit\u00e9 Vous venez d&rsquo;acqu\u00e9rir un v\u00e9hicule \u00e9lectrique et souhaitez installer une borne de recharge \u00e0 domicile ? C\u00e9dric Electricit\u00e9, expert en installation \u00e9lectrique \u00e0 Viroflay, vous accompagne dans ce projet en vous offrant un service complet et conforme aux normes en vigueur. Nous intervenons dans&hellip; <br \/> <a class=\"button small blue\" href=\"https:\/\/cedricelectricite.com\/index.php\/installation-de-borne-de-recharge-pour-vehicules-electriques-a-viroflay-et-dans-les-yvelines-et-hauts-de-seine\/\">Lire la suite<\/a><\/p>\n","protected":false},"author":1,"featured_media":108,"parent":0,"menu_order":0,"comment_status":"closed","ping_status":"closed","template":"","meta":{"_uag_custom_page_level_css":"","footnotes":""},"class_list":["post-103","page","type-page","status-publish","has-post-thumbnail","hentry"],"yoast_head":"<!-- This site is optimized with the Yoast SEO plugin v27.4 - https:\/\/yoast.com\/product\/yoast-seo-wordpress\/ -->\n<title>Installation de borne de recharge pour v\u00e9hicules \u00e9lectriques<\/title>\n<meta name=\"description\" content=\"C\u00e9dric Electricit\u00e9 vous accompagne dans l&#039;installation de votre borne de recharge pour v\u00e9hicules \u00e9lectriques.\" \/>\n<meta name=\"robots\" content=\"index, follow, max-snippet:-1, max-image-preview:large, max-video-preview:-1\" \/>\n<link rel=\"canonical\" href=\"\/installation-borne-recharge-voiture-electrique-viroflay\" \/>\n<meta property=\"og:locale\" content=\"fr_FR\" \/>\n<meta property=\"og:type\" content=\"article\" \/>\n<meta property=\"og:title\" content=\"Installation de borne de recharge pour v\u00e9hicules \u00e9lectriques\" \/>\n<meta property=\"og:description\" content=\"C\u00e9dric Electricit\u00e9 vous accompagne dans l&#039;installation de votre borne de recharge pour v\u00e9hicules \u00e9lectriques.\" \/>\n<meta property=\"og:url\" content=\"\/installation-borne-recharge-voiture-electrique-viroflay\" \/>\n<meta property=\"og:site_name\" content=\"C\u00e9dric Electricit\u00e9\" \/>\n<meta property=\"article:modified_time\" content=\"2024-10-13T10:07:13+00:00\" \/>\n<meta property=\"og:image\" content=\"http:\/\/cedricelectricite.com\/wp-content\/uploads\/2024\/10\/borne-recharge-pied-074155-1.jpg\" \/>\n\t<meta property=\"og:image:width\" content=\"650\" \/>\n\t<meta property=\"og:image:height\" content=\"325\" \/>\n\t<meta property=\"og:image:type\" content=\"image\/jpeg\" \/>\n<meta name=\"twitter:card\" content=\"summary_large_image\" \/>\n<meta name=\"twitter:label1\" content=\"Dur\u00e9e de lecture estim\u00e9e\" \/>\n\t<meta name=\"twitter:data1\" content=\"3 minutes\" \/>\n<script type=\"application\/ld+json\" class=\"yoast-schema-graph\">{\"@context\":\"https:\\\/\\\/schema.org\",\"@graph\":[{\"@type\":\"WebPage\",\"@id\":\"https:\\\/\\\/cedricelectricite.com\\\/index.php\\\/installation-de-borne-de-recharge-pour-vehicules-electriques-a-viroflay-et-dans-les-yvelines-et-hauts-de-seine\\\/\",\"url\":\"\\\/installation-borne-recharge-voiture-electrique-viroflay\",\"name\":\"Installation de borne de recharge pour v\u00e9hicules \u00e9lectriques\",\"isPartOf\":{\"@id\":\"https:\\\/\\\/cedricelectricite.com\\\/#website\"},\"primaryImageOfPage\":{\"@id\":\"\\\/installation-borne-recharge-voiture-electrique-viroflay#primaryimage\"},\"image\":{\"@id\":\"\\\/installation-borne-recharge-voiture-electrique-viroflay#primaryimage\"},\"thumbnailUrl\":\"https:\\\/\\\/cedricelectricite.com\\\/wp-content\\\/uploads\\\/2024\\\/10\\\/borne-recharge-pied-074155-1.jpg\",\"datePublished\":\"2024-10-12T14:07:17+00:00\",\"dateModified\":\"2024-10-13T10:07:13+00:00\",\"description\":\"C\u00e9dric Electricit\u00e9 vous accompagne dans l'installation de votre borne de recharge pour v\u00e9hicules \u00e9lectriques.\",\"breadcrumb\":{\"@id\":\"\\\/installation-borne-recharge-voiture-electrique-viroflay#breadcrumb\"},\"inLanguage\":\"fr-FR\",\"potentialAction\":[{\"@type\":\"ReadAction\",\"target\":[\"\\\/installation-borne-recharge-voiture-electrique-viroflay\"]}]},{\"@type\":\"ImageObject\",\"inLanguage\":\"fr-FR\",\"@id\":\"\\\/installation-borne-recharge-voiture-electrique-viroflay#primaryimage\",\"url\":\"https:\\\/\\\/cedricelectricite.com\\\/wp-content\\\/uploads\\\/2024\\\/10\\\/borne-recharge-pied-074155-1.jpg\",\"contentUrl\":\"https:\\\/\\\/cedricelectricite.com\\\/wp-content\\\/uploads\\\/2024\\\/10\\\/borne-recharge-pied-074155-1.jpg\",\"width\":650,\"height\":325,\"caption\":\"borne de recharge pour v\u00e9hicule \u00e9lectrique\"},{\"@type\":\"BreadcrumbList\",\"@id\":\"\\\/installation-borne-recharge-voiture-electrique-viroflay#breadcrumb\",\"itemListElement\":[{\"@type\":\"ListItem\",\"position\":1,\"name\":\"Accueil\",\"item\":\"https:\\\/\\\/cedricelectricite.com\\\/\"},{\"@type\":\"ListItem\",\"position\":2,\"name\":\"Installation de Borne de Recharge pour V\u00e9hicules \u00c9lectriques \u00e0 Viroflay\"}]},{\"@type\":\"WebSite\",\"@id\":\"https:\\\/\\\/cedricelectricite.com\\\/#website\",\"url\":\"https:\\\/\\\/cedricelectricite.com\\\/\",\"name\":\"C\u00e9dric Electricit\u00e9\",\"description\":\"Electicit\u00e9 g\u00e9n\u00e9rale, installation neuve, r\u00e9novation et d\u00e9pannage\",\"potentialAction\":[{\"@type\":\"SearchAction\",\"target\":{\"@type\":\"EntryPoint\",\"urlTemplate\":\"https:\\\/\\\/cedricelectricite.com\\\/?s={search_term_string}\"},\"query-input\":{\"@type\":\"PropertyValueSpecification\",\"valueRequired\":true,\"valueName\":\"search_term_string\"}}],\"inLanguage\":\"fr-FR\"}]}<\/script>\n<!-- \/ Yoast SEO plugin. -->","yoast_head_json":{"title":"Installation de borne de recharge pour v\u00e9hicules \u00e9lectriques","description":"C\u00e9dric Electricit\u00e9 vous accompagne dans l'installation de votre borne de recharge pour v\u00e9hicules \u00e9lectriques.","robots":{"index":"index","follow":"follow","max-snippet":"max-snippet:-1","max-image-preview":"max-image-preview:large","max-video-preview":"max-video-preview:-1"},"canonical":"\/installation-borne-recharge-voiture-electrique-viroflay","og_locale":"fr_FR","og_type":"article","og_title":"Installation de borne de recharge pour v\u00e9hicules \u00e9lectriques","og_description":"C\u00e9dric Electricit\u00e9 vous accompagne dans l'installation de votre borne de recharge pour v\u00e9hicules \u00e9lectriques.","og_url":"\/installation-borne-recharge-voiture-electrique-viroflay","og_site_name":"C\u00e9dric Electricit\u00e9","article_modified_time":"2024-10-13T10:07:13+00:00","og_image":[{"width":650,"height":325,"url":"http:\/\/cedricelectricite.com\/wp-content\/uploads\/2024\/10\/borne-recharge-pied-074155-1.jpg","type":"image\/jpeg"}],"twitter_card":"summary_large_image","twitter_misc":{"Dur\u00e9e de lecture estim\u00e9e":"3 minutes"},"schema":{"@context":"https:\/\/schema.org","@graph":[{"@type":"WebPage","@id":"https:\/\/cedricelectricite.com\/index.php\/installation-de-borne-de-recharge-pour-vehicules-electriques-a-viroflay-et-dans-les-yvelines-et-hauts-de-seine\/","url":"\/installation-borne-recharge-voiture-electrique-viroflay","name":"Installation de borne de recharge pour v\u00e9hicules \u00e9lectriques","isPartOf":{"@id":"https:\/\/cedricelectricite.com\/#website"},"primaryImageOfPage":{"@id":"\/installation-borne-recharge-voiture-electrique-viroflay#primaryimage"},"image":{"@id":"\/installation-borne-recharge-voiture-electrique-viroflay#primaryimage"},"thumbnailUrl":"https:\/\/cedricelectricite.com\/wp-content\/uploads\/2024\/10\/borne-recharge-pied-074155-1.jpg","datePublished":"2024-10-12T14:07:17+00:00","dateModified":"2024-10-13T10:07:13+00:00","description":"C\u00e9dric Electricit\u00e9 vous accompagne dans l'installation de votre borne de recharge pour v\u00e9hicules \u00e9lectriques.","breadcrumb":{"@id":"\/installation-borne-recharge-voiture-electrique-viroflay#breadcrumb"},"inLanguage":"fr-FR","potentialAction":[{"@type":"ReadAction","target":["\/installation-borne-recharge-voiture-electrique-viroflay"]}]},{"@type":"ImageObject","inLanguage":"fr-FR","@id":"\/installation-borne-recharge-voiture-electrique-viroflay#primaryimage","url":"https:\/\/cedricelectricite.com\/wp-content\/uploads\/2024\/10\/borne-recharge-pied-074155-1.jpg","contentUrl":"https:\/\/cedricelectricite.com\/wp-content\/uploads\/2024\/10\/borne-recharge-pied-074155-1.jpg","width":650,"height":325,"caption":"borne de recharge pour v\u00e9hicule \u00e9lectrique"},{"@type":"BreadcrumbList","@id":"\/installation-borne-recharge-voiture-electrique-viroflay#breadcrumb","itemListElement":[{"@type":"ListItem","position":1,"name":"Accueil","item":"https:\/\/cedricelectricite.com\/"},{"@type":"ListItem","position":2,"name":"Installation de Borne de Recharge pour V\u00e9hicules \u00c9lectriques \u00e0 Viroflay"}]},{"@type":"WebSite","@id":"https:\/\/cedricelectricite.com\/#website","url":"https:\/\/cedricelectricite.com\/","name":"C\u00e9dric Electricit\u00e9","description":"Electicit\u00e9 g\u00e9n\u00e9rale, installation neuve, r\u00e9novation et d\u00e9pannage","potentialAction":[{"@type":"SearchAction","target":{"@type":"EntryPoint","urlTemplate":"https:\/\/cedricelectricite.com\/?s={search_term_string}"},"query-input":{"@type":"PropertyValueSpecification","valueRequired":true,"valueName":"search_term_string"}}],"inLanguage":"fr-FR"}]}},"uagb_featured_image_src":{"full":["https:\/\/cedricelectricite.com\/wp-content\/uploads\/2024\/10\/borne-recharge-pied-074155-1.jpg",650,325,false],"thumbnail":["https:\/\/cedricelectricite.com\/wp-content\/uploads\/2024\/10\/borne-recharge-pied-074155-1-150x150.jpg",150,150,true],"medium":["https:\/\/cedricelectricite.com\/wp-content\/uploads\/2024\/10\/borne-recharge-pied-074155-1-300x150.jpg",300,150,true],"medium_large":["https:\/\/cedricelectricite.com\/wp-content\/uploads\/2024\/10\/borne-recharge-pied-074155-1.jpg",650,325,false],"large":["https:\/\/cedricelectricite.com\/wp-content\/uploads\/2024\/10\/borne-recharge-pied-074155-1.jpg",650,325,false],"1536x1536":["https:\/\/cedricelectricite.com\/wp-content\/uploads\/2024\/10\/borne-recharge-pied-074155-1.jpg",650,325,false],"2048x2048":["https:\/\/cedricelectricite.com\/wp-content\/uploads\/2024\/10\/borne-recharge-pied-074155-1.jpg",650,325,false],"post-thumbnail":["https:\/\/cedricelectricite.com\/wp-content\/uploads\/2024\/10\/borne-recharge-pied-074155-1.jpg",650,325,false],"one-page-express-full-hd":["https:\/\/cedricelectricite.com\/wp-content\/uploads\/2024\/10\/borne-recharge-pied-074155-1.jpg",650,325,false]},"uagb_author_info":{"display_name":"C\u00e9dric Roux","author_link":"https:\/\/cedricelectricite.com\/index.php\/author\/admin9306\/"},"uagb_comment_info":0,"uagb_excerpt":"Faites Installer Votre Borne de Recharge \u00e0 Domicile par C\u00e9dric Electricit\u00e9 Vous venez d&rsquo;acqu\u00e9rir un v\u00e9hicule \u00e9lectrique et souhaitez installer une borne de recharge \u00e0 domicile ? C\u00e9dric Electricit\u00e9, expert en installation \u00e9lectrique \u00e0 Viroflay, vous accompagne dans ce projet en vous offrant un service complet et conforme aux normes en vigueur. Nous intervenons dans&hellip;\u2026","_links":{"self":[{"href":"https:\/\/cedricelectricite.com\/index.php\/wp-json\/wp\/v2\/pages\/103","targetHints":{"allow":["GET"]}}],"collection":[{"href":"https:\/\/cedricelectricite.com\/index.php\/wp-json\/wp\/v2\/pages"}],"about":[{"href":"https:\/\/cedricelectricite.com\/index.php\/wp-json\/wp\/v2\/types\/page"}],"author":[{"embeddable":true,"href":"https:\/\/cedricelectricite.com\/index.php\/wp-json\/wp\/v2\/users\/1"}],"replies":[{"embeddable":true,"href":"https:\/\/cedricelectricite.com\/index.php\/wp-json\/wp\/v2\/comments?post=103"}],"version-history":[{"count":3,"href":"https:\/\/cedricelectricite.com\/index.php\/wp-json\/wp\/v2\/pages\/103\/revisions"}],"predecessor-version":[{"id":107,"href":"https:\/\/cedricelectricite.com\/index.php\/wp-json\/wp\/v2\/pages\/103\/revisions\/107"}],"wp:featuredmedia":[{"embeddable":true,"href":"https:\/\/cedricelectricite.com\/index.php\/wp-json\/wp\/v2\/media\/108"}],"wp:attachment":[{"href":"https:\/\/cedricelectricite.com\/index.php\/wp-json\/wp\/v2\/media?parent=103"}],"curies":[{"name":"wp","href":"https:\/\/api.w.org\/{rel}","templated":true}]}}